{"id":2240,"date":"2013-11-13T08:27:22","date_gmt":"2013-11-13T07:27:22","guid":{"rendered":"http:\/\/busitex.de\/?page_id=2240"},"modified":"2016-10-06T17:32:01","modified_gmt":"2016-10-06T15:32:01","slug":"dieser-shop-ist-nur-fuer-gewerbetreibende","status":"publish","type":"page","link":"https:\/\/busitex.de\/?page_id=2240","title":{"rendered":"Dieser Shop ist nur f\u00fcr Gewerbetreibende!"},"content":{"rendered":"<div>\n<p>Dieser\u00a0<a href=\"http:\/\/shop.busitex.de\/de\/home.html\" target=\"_blank\"><strong>busitex.de-<\/strong><\/a> Shop und die darin enthaltenen Angebote<\/p>\n<div>sind ausschliesslich f\u00fcr die direkte gewerbliche Online-Bestellung<br \/>\n\u2013 f\u00fcr Gewerbetreibende<br \/>\n\u2013 Werbeagenturen und\u00a0Vermittler<br \/>\n\u2013 f\u00fcr Wiederverk\u00e4ufer<\/div>\n<div>\u2013 f\u00fcr St\u00e4dte- und Gemeinden<br \/>\n\u2013 f\u00fcr Architekten- und Planungsb\u00fcros und<br \/>\n\u2013 f\u00fcr alle Eink\u00e4ufer von gewerblichen und \u00f6ffentlichen Unternehmen.<\/div>\n<div>Die im Shop abgebildeten Preise sind zzgl. der g\u00fcltigen Mehrwertsteuer.<\/div>\n<\/div>\n<div>\n<div><\/div>\n<div><strong>Wiederverk\u00e4ufer finden Sie hier<br \/>\nund k\u00f6nnen sich f\u00fcr den Direktvertrieb<\/strong><br \/>\n<strong> mit <a title=\"Bewerbung f\u00fcr Wiederverk\u00e4ufer\/Direktvertrieb.\" href=\"http:\/\/langwost.de\/?page_id=5109\" target=\"_blank\">diesem Formular<\/a> bewerben.<\/strong><\/div>\n<div><\/div>\n<\/div>\n<div>Sollten Sie Endverbraucher sein oder nicht gewerblich Einkaufen, wenden Sie sich bitte an obige Unternehmungen\u00a0bzw. kontakten Sie uns per mail an: \u00a0<strong><a title=\"Ihr direkter Kontakt zu busitex.de.\" href=\"mailto:info@busitex.de\" target=\"_blank\">info@busitex.de<\/a><\/strong>\u00a0und fragen nach<\/div>\n<div>Ihrem speziellen Angebot.<\/div>\n","protected":false},"excerpt":{"rendered":"<p>Dieser\u00a0busitex.de- Shop und die darin enthaltenen Angebote sind ausschliesslich f\u00fcr die direkte gewerbliche Online-Bestellung \u2013 f\u00fcr Gewerbetreibende \u2013 Werbeagenturen und\u00a0Vermittler [&hellip;]<\/p>\n","protected":false},"author":1,"featured_media":0,"parent":0,"menu_order":0,"comment_status":"closed","ping_status":"closed","template":"","meta":{"footnotes":""},"_links":{"self":[{"href":"https:\/\/busitex.de\/index.php?rest_route=\/wp\/v2\/pages\/2240"}],"collection":[{"href":"https:\/\/busitex.de\/index.php?rest_route=\/wp\/v2\/pages"}],"about":[{"href":"https:\/\/busitex.de\/index.php?rest_route=\/wp\/v2\/types\/page"}],"author":[{"embeddable":true,"href":"https:\/\/busitex.de\/index.php?rest_route=\/wp\/v2\/users\/1"}],"replies":[{"embeddable":true,"href":"https:\/\/busitex.de\/index.php?rest_route=%2Fwp%2Fv2%2Fcomments&post=2240"}],"version-history":[{"count":8,"href":"https:\/\/busitex.de\/index.php?rest_route=\/wp\/v2\/pages\/2240\/revisions"}],"predecessor-version":[{"id":7688,"href":"https:\/\/busitex.de\/index.php?rest_route=\/wp\/v2\/pages\/2240\/revisions\/7688"}],"wp:attachment":[{"href":"https:\/\/busitex.de\/index.php?rest_route=%2Fwp%2Fv2%2Fmedia&parent=2240"}],"curies":[{"name":"wp","href":"https:\/\/api.w.org\/{rel}","templated":true}]}}