{"id":32,"date":"2013-10-30T13:07:05","date_gmt":"2013-10-30T12:07:05","guid":{"rendered":"http:\/\/busitex.de\/?page_id=32"},"modified":"2016-03-07T13:51:09","modified_gmt":"2016-03-07T12:51:09","slug":"versandundlieferung","status":"publish","type":"page","link":"https:\/\/busitex.de\/?page_id=32","title":{"rendered":"Versand &#038; Lieferung"},"content":{"rendered":"<p><strong>Preise und Versandkosten<\/strong><\/p>\n<p>Wir weisen an dieser Stelle ausdr\u00fccklich darauf hin, das es sich hier um einen Shop f\u00fcr den gewerblichen Einkauf handelt und die darin enthaltenen Preise alle zzgl. der gesetzlich g\u00fcltigen Mwst. sind.<\/p>\n<p>Die Versand-\/Lieferkosten sind je nach Produktart, Umfang und Gewicht unterschiedlich und bieten wir bei den jeweiligen Artikeln optional an.<br \/>\nDie Lieferkosten k\u00f6nnen Sie einfach in den Warenkorb bei den Artikeln hinzu klicken.<\/p>\n<p>Unsere Preise sind f\u00e4llig vor Auslieferung und sind zahlbar via PayPal, Kreditkarte oder per \u00dcberweisung.<br \/>\nF\u00fcr Teilnehmer an unserem Bonus-Systemkauf ist nach Erfassung Ihrer Unternehmensdaten auch ein Kauf auf Rechnung m\u00f6glich.<\/p>\n<p>Bei Zahlung per Nachnahme wird eine zus\u00e4tzliche Geb\u00fchr in H\u00f6he von 5,- Euro f\u00e4llig, die der Zusteller vor Ort erhebt. Weitere Steuern oder Kosten fallen nicht an.<\/p>\n","protected":false},"excerpt":{"rendered":"<p>Preise und Versandkosten Wir weisen an dieser Stelle ausdr\u00fccklich darauf hin, das es sich hier um einen Shop f\u00fcr den [&hellip;]<\/p>\n","protected":false},"author":1,"featured_media":0,"parent":0,"menu_order":0,"comment_status":"closed","ping_status":"closed","template":"","meta":{"footnotes":""},"_links":{"self":[{"href":"https:\/\/busitex.de\/index.php?rest_route=\/wp\/v2\/pages\/32"}],"collection":[{"href":"https:\/\/busitex.de\/index.php?rest_route=\/wp\/v2\/pages"}],"about":[{"href":"https:\/\/busitex.de\/index.php?rest_route=\/wp\/v2\/types\/page"}],"author":[{"embeddable":true,"href":"https:\/\/busitex.de\/index.php?rest_route=\/wp\/v2\/users\/1"}],"replies":[{"embeddable":true,"href":"https:\/\/busitex.de\/index.php?rest_route=%2Fwp%2Fv2%2Fcomments&post=32"}],"version-history":[{"count":4,"href":"https:\/\/busitex.de\/index.php?rest_route=\/wp\/v2\/pages\/32\/revisions"}],"predecessor-version":[{"id":7231,"href":"https:\/\/busitex.de\/index.php?rest_route=\/wp\/v2\/pages\/32\/revisions\/7231"}],"wp:attachment":[{"href":"https:\/\/busitex.de\/index.php?rest_route=%2Fwp%2Fv2%2Fmedia&parent=32"}],"curies":[{"name":"wp","href":"https:\/\/api.w.org\/{rel}","templated":true}]}}