{"id":33,"date":"2013-10-30T13:07:05","date_gmt":"2013-10-30T13:07:05","guid":{"rendered":"http:\/\/busitex.de\/?page_id=33"},"modified":"2016-09-15T12:10:18","modified_gmt":"2016-09-15T10:10:18","slug":"widerruf","status":"publish","type":"page","link":"https:\/\/busitex.de\/?page_id=33","title":{"rendered":"Widerruf"},"content":{"rendered":"<p><em>Widerrufsrecht\u00a0<em>&#8211; Beginn der Widerrufsbelehrung f\u00fcr Verbraucher &#8211;\u00a0<\/em><\/em><\/p>\n<p>Sie k\u00f6nnen Ihre Vertragserkl\u00e4rung innerhalb von 14 Tagen ohne Angabe von Gr\u00fcnden in Textform (z.B. Brief, Fax, E-Mail) oder &#8211; wenn Ihnen die Sache vor Fristablauf \u00fcberlassen wird &#8211; auch durch R\u00fccksendung der Sache widerrufen. Die Frist beginnt nach Erhalt dieser Belehrung in Textform, jedoch nicht vor Eingang der Ware beim Empf\u00e4nger (bei der wiederkehrenden Lieferung gleichartiger Waren nicht vor Eingang der ersten Teillieferung) und auch nicht vor Erf\u00fcllung unserer Informationspflichten gem\u00e4\u00df Artikel 246 \u00a7 2 in Verbindung mit \u00a7 1 Absatz 1 und 2 EGBGB sowie unserer Pflichten gem\u00e4\u00df \u00a7 312g Absatz 1 Satz 1 BGB in Verbindung mit Artikel 246 \u00a7 3 EGBGB. Zur Wahrung der Widerrufsfrist gen\u00fcgt die rechtzeitige Absendung des Widerrufs oder der Sache. Der Widerruf ist zu richten an:<\/p>\n<p>Divsion: busitex.de\u00a0idee-produktion.de GmbH, Heinkelstr.1-3, \u00a030827 Garbsen<\/p>\n<p><em>Widerrufsfolgen<\/em><\/p>\n<p>Im Falle eines wirksamen Widerrufs sind die beiderseits empfangenen Leistungen zur\u00fcckzugew\u00e4hren und ggf. gezogene Nutzungen (z.B. Zinsen) herauszugeben. K\u00f6nnen Sie uns die empfangene Leistung sowie Nutzungen (z.B. Gebrauchsvorteile) nicht oder teilweise nicht oder nur in verschlechtertem Zustand zur\u00fcckgew\u00e4hren beziehungsweise herausgeben, m\u00fcssen Sie uns insoweit Wertersatz leisten. F\u00fcr die Verschlechterung der Sache und f\u00fcr gezogene Nutzungen m\u00fcssen Sie Wertersatz nur leisten, soweit die Nutzungen oder die Verschlechterung auf einen Umgang mit der Sache zur\u00fcckzuf\u00fchren ist, der \u00fcber die Pr\u00fcfung der Eigenschaften und der Funktionsweise hinausgeht. Unter &#8222;Pr\u00fcfung der Eigenschaften und der Funktionsweise&#8220; versteht man das Testen und Ausprobieren der jeweiligen Ware, wie es etwa im Ladengesch\u00e4ft m\u00f6glich und \u00fcblich ist. Paketversandf\u00e4hige Sachen sind auf unsere Gefahr zur\u00fcckzusenden. Sie haben die regelm\u00e4\u00dfigen Kosten der R\u00fccksendung zu tragen, wenn die gelieferte Ware der bestellten entspricht und wenn der Preis der zur\u00fcckzusendenden Sache einen Betrag von 40 Euro nicht \u00fcbersteigt oder wenn Sie bei einem h\u00f6heren Preis der Sache zum Zeitpunkt des Widerrufs noch nicht die Gegenleistung oder eine vertraglich vereinbarte Teilzahlung erbracht haben. Andernfalls ist die R\u00fccksendung f\u00fcr Sie kostenfrei. Nicht paketversandf\u00e4hige Sachen werden bei Ihnen abgeholt. Verpflichtungen zur Erstattung von Zahlungen m\u00fcssen innerhalb von 30 Tagen erf\u00fcllt werden. Die Frist beginnt f\u00fcr Sie mit der Absendung Ihrer Widerrufserkl\u00e4rung oder der Sache, f\u00fcr uns mit deren Empfang.<\/p>\n<p>Desweiteren gelten unsere Gesch\u00e4ftsbedingungen f\u00fcr Verbraucher und Unternehmer die Sie unter unseren AGBs finden.<\/p>\n<p><em>&#8211; Ende der Widerrufsbelehrung f\u00fcr Verbraucher &#8211;<\/em><\/p>\n<p><em>Hinweise zum Ausschluss des Widerrufsrechts<\/em><\/p>\n<p>Das Widerrufsrecht besteht nicht bei Lieferung von Waren, die nach Kundenspezifikation angefertigt werden oder eindeutig auf die pers\u00f6nlichen Bed\u00fcrfnisse zugeschnitten sind oder bei Lieferung von Audio- oder Videoaufzeichnungen oder von Software, sofern die gelieferten Datentr\u00e4ger von Ihnen entsiegelt worden sind.<\/p>\n<p><em>Hinweise zu R\u00fccksendungen<\/em><\/p>\n<p>Die in diesem Abschnitt (&#8222;Hinweise zu R\u00fccksendungen&#8220;) genannten Modalit\u00e4ten sind nicht Voraussetzung f\u00fcr die wirksame Aus\u00fcbung des obigen Widerrufsrechts.<\/p>\n<p>Kunden werden vor R\u00fccksendung gebeten die R\u00fccksendung beim Verk\u00e4ufer zu melden an Divsion: busitex.de\u00a0idee-produktion.de GmbH, Heinkelstr.1-3, \u00a030827 Garbsen schriftlich oder per mail an <a href=\"mailto:info@busitex.de\">info@busitex.de<\/a>,\u00a0um die R\u00fccksendung anzuk\u00fcndigen.Auf diese Weise erm\u00f6glichen sie dem Verk\u00e4ufer eine schnellstm\u00f6gliche Zuordnung der Produkte.<br \/>\nKunden werden gebeten die Ware als frankiertes Paket an den Verk\u00e4ufer zur\u00fcck zu senden und den Einlieferbeleg aufzubewahren. Der Verk\u00e4ufer erstattet den Kunden auf Wunsch vorab die Portokosten, sofern diese nicht vom K\u00e4ufer selbst zu tragen sind.<\/p>\n<p>Kunden werden gebeten\u00a0Besch\u00e4digungen oder Verunreinigungen der Ware zu vermeiden. Die Ware sollte nach M\u00f6glichkeit in Originalverpackung mit s\u00e4mtlichem Zubeh\u00f6r an den Verk\u00e4ufer zur\u00fcck gesendet werden. Ist die Originalverpackung nicht mehr im Besitz des Verk\u00e4ufers, sollte eine andere geeigneten Verpackung verwendet werden, um f\u00fcr einen ausreichenden Schutz vor Transportsch\u00e4den zu sorgen und etwaige Schadensersatzanspr\u00fcche wegen Besch\u00e4digungen infolge mangelhafter Verpackung zu vermeiden.<\/p>\n","protected":false},"excerpt":{"rendered":"<p>Widerrufsrecht\u00a0&#8211; Beginn der Widerrufsbelehrung f\u00fcr Verbraucher &#8211;\u00a0 Sie k\u00f6nnen Ihre Vertragserkl\u00e4rung innerhalb von 14 Tagen ohne Angabe von Gr\u00fcnden in [&hellip;]<\/p>\n","protected":false},"author":1,"featured_media":0,"parent":0,"menu_order":0,"comment_status":"closed","ping_status":"open","template":"","meta":{"footnotes":""},"_links":{"self":[{"href":"https:\/\/busitex.de\/index.php?rest_route=\/wp\/v2\/pages\/33"}],"collection":[{"href":"https:\/\/busitex.de\/index.php?rest_route=\/wp\/v2\/pages"}],"about":[{"href":"https:\/\/busitex.de\/index.php?rest_route=\/wp\/v2\/types\/page"}],"author":[{"embeddable":true,"href":"https:\/\/busitex.de\/index.php?rest_route=\/wp\/v2\/users\/1"}],"replies":[{"embeddable":true,"href":"https:\/\/busitex.de\/index.php?rest_route=%2Fwp%2Fv2%2Fcomments&post=33"}],"version-history":[{"count":6,"href":"https:\/\/busitex.de\/index.php?rest_route=\/wp\/v2\/pages\/33\/revisions"}],"predecessor-version":[{"id":7670,"href":"https:\/\/busitex.de\/index.php?rest_route=\/wp\/v2\/pages\/33\/revisions\/7670"}],"wp:attachment":[{"href":"https:\/\/busitex.de\/index.php?rest_route=%2Fwp%2Fv2%2Fmedia&parent=33"}],"curies":[{"name":"wp","href":"https:\/\/api.w.org\/{rel}","templated":true}]}}