{"id":6771,"date":"2015-09-29T11:01:46","date_gmt":"2015-09-29T09:01:46","guid":{"rendered":"http:\/\/busitex.de\/?page_id=6771"},"modified":"2016-11-18T10:53:42","modified_gmt":"2016-11-18T09:53:42","slug":"partner-werden","status":"publish","type":"page","link":"https:\/\/busitex.de\/?page_id=6771","title":{"rendered":"Divisionspartner werden!"},"content":{"rendered":"<h2><strong>Gewerbliche Wiederverk\u00e4ufer aufgepasst!<\/strong><\/h2>\n<p><strong>Jetzt k\u00f6nnen Sie mit busitex.de ganz einfach Zusatzumsatz generieren!<\/strong><\/p>\n<p>Das funktioniert wie folgt:<br \/>\nSie betreuen einen Kunden der sich f\u00fcr Business-Textilien interessiert?<br \/>\ndann gibt es <strong>5 M\u00f6glichkeiten<\/strong>:<\/p>\n<h2><strong> 1) Sie entscheiden, das Sie selber Einkaufen.<br \/>\n<\/strong><\/h2>\n<p>Sie kaufen als normaler Bestellkunde selber ein und sichern sich Ihre<br \/>\nNachl\u00e4sse durch Ihr Einkaufsvolumen.<br \/>\nWer viel kauft erh\u00e4lt h\u00f6here Nachlass-Rabatte.<br \/>\nSie bestellen ganz normal abzgl. Umsatz-Nachlass:<br \/>\nab\u00a0\u00a0\u00a0 500,00 \u20ac =\u00a0\u00a0 6% auf Umsatzsumme<br \/>\nab 1.000,00 \u20ac =\u00a0\u00a0 8% auf Umsatzsumme<br \/>\nab 2.000,00 \u20ac = 10% auf Umsatzsumme<br \/>\nab 4.000,00 \u20ac = 12% auf Umsatzsumme<br \/>\noder<\/p>\n<h2><strong>2) <\/strong><strong>Sie entscheiden das Ihr Kunde vermittelt werden soll.<\/strong><span style=\"text-decoration: underline;\"><br \/>\n<\/span><\/h2>\n<p>Somit bestellt Ihr Kunde bei <a href=\"http:\/\/busitex.de\">busitex.de<\/a> direkt und Sie erhalten als Vermittler<br \/>\nund Tippgeber eine TippProvision.<br \/>\nIhr Kunde hat keinerlei Nachteile, denn er bekommt die gleichen Nachl\u00e4sse<br \/>\ndie Sie auch erhalten w\u00fcrden!<br \/>\nSie als Tipp-Geber mailen uns einfach den bevorstehenden Kunden mit<br \/>\nAnschrift\/Firmierung und Namen des Ansprechpartners zu.<br \/>\nWir registrieren Sie als Tipp-Geber und best\u00e4tigen Ihren Vermittlungsauftrag.<\/p>\n<p>Sie haben als Vermittler auch keine Nachteile,<br \/>\nsondern Sie erhalten eine TippProvision von 3 bis 6 %.<br \/>\n<strong>Die H\u00f6he der TippProvision richtet sich nach Umsatzvolumen<\/strong><br \/>\nIhres vermittelten Kunden:<br \/>\nab\u00a0\u00a0\u00a0 500,00 \u20ac = 3% auf Umsatzsumme<br \/>\nab 1.000,00 \u20ac = 4% auf Umsatzsumme<br \/>\nab 2.000,00 \u20ac = 5% auf Umsatzsumme<br \/>\nab 4.000,00 \u20ac = 6% auf Umsatzsumme<br \/>\nWir teilen Ihnen unmittelbar nach dem Bestellvolumen Ihres Kunden<br \/>\nsofort Ihre Tipp-Auszahlung per mail mit.<br \/>\n<strong>Auszahlung der TippProvision:<\/strong><br \/>\nSie stellen uns eine Rechnung mit TippProvision gem\u00e4\u00df Tipp-Auszahlungsmail.<br \/>\nWir \u00fcberweisen sofort die Provision an Sie nach Zahlungseingang des Kunden.<\/p>\n<p>Gleichzeitig k\u00f6nnen Sie bei uns einen 24 monatigen Kundenschutz f\u00fcr<br \/>\nIhren vermittelten Kunden beantragen.<br \/>\nBeginn des Kundenschutzes ist immer das Bestelldatum Ihres Kunden.<\/p>\n<h2><strong>3) <\/strong><strong>Sie m\u00f6chten f\u00fcr Ihren Kunden Kundenschutz? Kein Problem!<\/strong><\/h2>\n<p>Sie senden uns eine mail an <a href=\"mailto:info@busitex.de\">info@busitex.de<\/a> mit dem Betreff:<br \/>\n&#8222;Erbitte Kundenschutz!\u201c<br \/>\nund f\u00fcgen im mailtext einfach die Kundenadresse und den Ansprechpartner<br \/>\ndes Kunden ein, den wir f\u00fcr Sie als Wiederverk\u00e4ufer sch\u00fctzen sollen.<br \/>\nBitte Ihren Absenderanschrift\/Firmierung nicht vergessen!<\/p>\n<p>Daraufhin erhalten Sie als TippGeber von uns eine Best\u00e4tigungsmail<br \/>\nmit Kundenschutz f\u00fcr Ihren Kunden!<br \/>\nDas bedeutet, jede Bestellung die Ihr Kunde innerhalb 24 Monate t\u00e4tigt,<br \/>\nwird Ihnen mit TippProvision verg\u00fctet.<br \/>\nIhr Kunde hat keine Nachteile, denn er kann ganz einfach bei <a href=\"http:\/\/busitex.de\">busitex.de<\/a><br \/>\nonline bestellen.<br \/>\nIhr Kunde bekommt seine Umsatzrabatte und Nachl\u00e4sse wie gehabt!!<br \/>\n<strong>Sie als TippGeber haben keine Nachteile, sondern nur Vorteile!<\/strong><\/p>\n<h2><strong>4) Sie m\u00f6chten busitex-de Divisions-Agentur werden:<\/strong><\/h2>\n<p>Dieser besondere Divisions-Status ist umsatzstarken Werbemittlern<br \/>\nvorbehalten.<br \/>\nVoraussetzung ist, das ein regelm\u00e4ssiger Jahresumsatz von mehr<br \/>\nals 25.000,00 \u20ac erfolgt.<br \/>\nSie k\u00f6nnen sich fr\u00fchestens nach einem Jahr nach der<br \/>\nErstbestellung\/Erstvermittlung und erreichen des Mindestumsatzes<br \/>\nbei uns als Divisionsagentur bewerben.<br \/>\nIm Folgejahr sind Sie Vertriebs-Division-Anw\u00e4rter und erhalten in diesem<br \/>\nFolgejahr 10% Nachlass auf alle Online-Preise!<br \/>\n<strong>&#8211; zus\u00e4tzlich zu obigen Nachl\u00e4ssen- !<\/strong><\/p>\n<h3><strong>Divisions-Agentur-Basic<\/strong><strong><\/strong><br \/>\n<strong><\/strong><\/h3>\n<p><strong><\/strong>Nach Ablauf den ersten 24 Monaten und 2maligen erreichen des<br \/>\nMindestjahresumsatzes (pro Jahr mind. 25tsd. \u20ac\/Umsatz)<br \/>\nerhalten Sie f\u00fcr die bevorstehenden 24 Monate den Status<br \/>\n<strong>&#8222;Divisions-Agentur-Basic\u201c.<\/strong><br \/>\nDer Divisions-Status Basic sichert Ihnen zus\u00e4tzlich 5% zu den bereits<br \/>\nvorhandenen 10% des Divisions-Anw\u00e4rters.<br \/>\n<strong>Der Divisions-Status Basic garantiert Ihnen somit 15% Zusatz-Nachlass<\/strong><br \/>\n<strong>zu den Einkaufsnachlass nach Umsatz je Bestellung:<\/strong><br \/>\nAb einem Einkaufswert von 1.000,00 \u20ac\/netto je Bestellung erhalten Sie<br \/>\n10% Rabatt! abzgl. 15% Basic-Status<br \/>\nAb einem Einkaufswert von 2.000,00 \u20ac\/netto je Bestellung erhalten Sie<br \/>\n15% Rabatt! abzgl. 15% Basic-Status<br \/>\nAb einem Einkaufswert von 5.000,00 \u20ac\/netto je Bestellung erhalten Sie<br \/>\n20% Rabatt! abzgl. 15% Basic-Status<\/p>\n<h3><strong>Divisions-Agentur-Silber<\/strong><\/h3>\n<p>Nach weiteren 24 Monaten und weiteren 2maligen Erreichen des<br \/>\nMindestjahresumsatzes (pro Jahr mind. 25tsd. \u20ac\/Umsatz)<br \/>\nerhalten Sie f\u00fcr die bevorstehenden 24 Monate den Status<br \/>\n&#8222;Divisions-Agentur-Silber\u201c.<br \/>\nDer Divisions-Status Silber sichert Ihnen zus\u00e4tzlich<br \/>\n10% zu den bereits vorhandenen 10% des Divisions-Anw\u00e4rters.<br \/>\n<strong>Der Divisions-Status Silber garantiert Ihnen somit <\/strong><strong>20% Zusatz-Nachlass<br \/>\nzu den Einkaufsnachlass nach Umsatz je Bestellung:<\/strong><br \/>\nAb einem Einkaufswert von 1.000,00 \u20ac\/netto je Bestellung erhalten Sie<br \/>\n10% Rabatt! abzgl. 20% Silber-Status<br \/>\nAb einem Einkaufswert von 2.000,00 \u20ac\/netto je Bestellung erhalten Sie<br \/>\n15% Rabatt! abzgl. 20% Silber-Status<br \/>\nAb einem Einkaufswert von 5.000,00 \u20ac\/netto je Bestellung erhalten Sie<br \/>\n20% Rabatt! abzgl. 20% Silber-Status<\/p>\n<h3><strong>Divisions-Agentur-Gold<\/strong><\/h3>\n<p>Nach weiteren 24 Monaten und weiteren 2maligen Erreichen des<br \/>\nMindestjahresumsatzes (pro Jahr mind. 25tsd. \u20ac\/Umsatz)<br \/>\nerhalten Sie f\u00fcr die bevorstehenden 24 Monate den Status<br \/>\n&#8222;Divisions-Agentur-Gold\u201c.<br \/>\nSie erhalten weitere Verg\u00fcnstigungen.<br \/>\nDer Divisions-Status Gold sichert Ihnen zus\u00e4tzlich<br \/>\n15% zu den bereits vorhandenen 10% des Divisions-Anw\u00e4rters.<br \/>\n<strong>Der Divisions-Status Gold garantiert Ihnen somit 25% Zusatz-Nachlass<\/strong><br \/>\n<strong>zu den Einkaufsnachlass nach Umsatz je Bestellung:<\/strong><br \/>\nAb einem Einkaufswert von 1.000,00 \u20ac\/netto je Bestellung erhalten Sie<br \/>\n10% Rabatt! abzgl. 20% Gold-Status<br \/>\nAb einem Einkaufswert von 2.000,00 \u20ac\/netto je Bestellung erhalten Sie<br \/>\n15% Rabatt! abzgl. 20% Gold-Status<br \/>\nAb einem Einkaufswert von 5.000,00 \u20ac\/netto je Bestellung erhalten Sie<br \/>\n20% Rabatt! abzgl. 20% Gold-Status<\/p>\n<p><strong>Bewerben Sie sich als Busitex.de Divisions-Agentur<\/strong><br \/>\n<strong>und bauen Sie sich Ihre weiteren busitex.de &#8211; Vertriebspartner auf.<\/strong><br \/>\nDer Status \u201ebusitex-Agentur ist innerhalb des Division-Netzwerkes<br \/>\ngesch\u00fctzt und wird nur an beratungs- und umsatzstarke Agenturen<br \/>\nund Werbemittler vergeben.<br \/>\nDar\u00fcber hinaus profitiert die Divisionsagentur von dem Netzwerk<br \/>\nder weiteren 10 Divisionsagenturen:<\/p>\n<p>&#8211; <a href=\"http:\/\/actionpromotion.de\" target=\"_blank\">actionpromotion.de<\/a><br \/>\n&#8211; <a href=\"http:\/\/bauschild-miete.de\" target=\"_blank\">bauschild-miete.de<\/a><br \/>\n&#8211; <a href=\"http:\/\/citmax.de\" target=\"_blank\">citmax.de<\/a><br \/>\n&#8211; <a href=\"http:\/\/handzettel-verteiler.de\" target=\"_blank\">handzettel-verteiler.de<\/a><br \/>\n&#8211; <a href=\"http:\/\/ihrewerbeabteilung.de\" target=\"_blank\">ihrewerbeabteilung.de<\/a><br \/>\n&#8211; <a href=\"http:\/\/maxiwall.de\" target=\"_blank\">maxiwall.de<\/a><br \/>\n&#8211; <a href=\"http:\/\/pylone24.de\" target=\"_blank\">pylone24.de<\/a><br \/>\n&#8211; <a href=\"http:\/\/redax24.de\" target=\"_blank\">redax24.de<\/a><br \/>\n&#8211; <a href=\"http:\/\/rent-me24.de\" target=\"_blank\">rent-me24.de<\/a><br \/>\n&#8211; <a href=\"http:\/\/werbeturm24.de\" target=\"_blank\">werbeturm24.de<\/a><\/p>\n<p>die ebenso bundesweit und branchenverkn\u00fcpft agieren.<\/p>\n<p>Sie k\u00f6nnen Divisions-Agentur werden<br \/>\na) durch Zahlung der Lizenzgeb\u00fchr (<br \/>\nAnfrage Franchise- und Lizenzgeb\u00fchr unter info@langwost.de)<br \/>\nb) durch Anwartschaft unter Pos. d) der oben beschriebenen Umsatztreue<\/p>\n<p><strong>Nach erreichen des Divisions-Status Basic oder h\u00f6her werden Sie<\/strong><br \/>\n<strong> offiziell als Divisionsagentur in der Divisions-Netzwerkstruktur gelistet<\/strong><br \/>\n<strong> und profitieren vom umfangreichen Divisionsnetzwerk der IP Group.<\/strong><br \/>\n<strong> Dar\u00fcber hinaus erhalten Sie Schulungen und Informationen zum<\/strong><br \/>\n<strong> Netzwerkausbau mit weiteren Divisionen und ausf\u00fchrlichen Provisionsplan<\/strong><br \/>\n<strong> aller IP-Group Divisionen und Dienstleistungen.<\/strong><\/p>\n<p>Als Divsionsagentur erhalten Sie je nach Status mindestens<br \/>\n15% Nachlass auf alle OnlinePreise und und profitieren auch in anderen<br \/>\nGesch\u00e4ftszweigen von der umfangreichen Netzwerkarbeit der IP-Group.<\/p>\n<h2><strong>5) Gesellschafter und aktiver Teilhaber werden:<\/strong><\/h2>\n<p>Sie k\u00f6nnen aktiver Teilhaber der Divisions-Agentur werden und<br \/>\nAnteile der Divisionen erwerben. Dazu wenden Sie sich ab 2018 an<br \/>\ndie 1a-idee.com AG, die alle Divisionen f\u00fchrt.<\/p>\n","protected":false},"excerpt":{"rendered":"<p>Gewerbliche Wiederverk\u00e4ufer aufgepasst! Jetzt k\u00f6nnen Sie mit busitex.de ganz einfach Zusatzumsatz generieren! Das funktioniert wie folgt: Sie betreuen einen Kunden [&hellip;]<\/p>\n","protected":false},"author":1,"featured_media":0,"parent":0,"menu_order":0,"comment_status":"closed","ping_status":"closed","template":"","meta":{"footnotes":""},"_links":{"self":[{"href":"https:\/\/busitex.de\/index.php?rest_route=\/wp\/v2\/pages\/6771"}],"collection":[{"href":"https:\/\/busitex.de\/index.php?rest_route=\/wp\/v2\/pages"}],"about":[{"href":"https:\/\/busitex.de\/index.php?rest_route=\/wp\/v2\/types\/page"}],"author":[{"embeddable":true,"href":"https:\/\/busitex.de\/index.php?rest_route=\/wp\/v2\/users\/1"}],"replies":[{"embeddable":true,"href":"https:\/\/busitex.de\/index.php?rest_route=%2Fwp%2Fv2%2Fcomments&post=6771"}],"version-history":[{"count":26,"href":"https:\/\/busitex.de\/index.php?rest_route=\/wp\/v2\/pages\/6771\/revisions"}],"predecessor-version":[{"id":7760,"href":"https:\/\/busitex.de\/index.php?rest_route=\/wp\/v2\/pages\/6771\/revisions\/7760"}],"wp:attachment":[{"href":"https:\/\/busitex.de\/index.php?rest_route=%2Fwp%2Fv2%2Fmedia&parent=6771"}],"curies":[{"name":"wp","href":"https:\/\/api.w.org\/{rel}","templated":true}]}}