{"id":6788,"date":"2016-03-01T09:20:09","date_gmt":"2016-03-01T08:20:09","guid":{"rendered":"http:\/\/busitex.de\/?page_id=6788"},"modified":"2016-11-18T14:58:46","modified_gmt":"2016-11-18T13:58:46","slug":"beste-preise","status":"publish","type":"page","link":"https:\/\/busitex.de\/?page_id=6788","title":{"rendered":"Beste Preise!"},"content":{"rendered":"<h2><strong>20% auf die Vorjahrespreise!! Das ist unschlagbar!<\/strong><\/h2>\n<p><strong>Jetzt die Preisrabatte des \u201ealten Kataloges 2015\u201c nutzen!!<\/strong><\/p>\n<p>Wie jedes Jahr geben wir die g\u00fcnstigen Vorjahrespreise auch im Folgejahr<br \/>\ndirekt an unsere Gro\u00dfkunden und Wiederverk\u00e4ufer weiter!<br \/>\nSo erhalten Sie noch bis zum 31.03.2017 die Preise von 2015!!<br \/>\n&#8211; abzgl. 20% Nachlass auf die Katalogpreise!<br \/>\n&#8211; abzgl. Ihren Einkaufsnachlass nach Umsatz:<br \/>\nAb einem Einkaufswert von 1.000,00 \u20ac\/netto erhalten Sie 10% Rabatt!<br \/>\nAb einem Einkaufswert von 2.000,00 \u20ac\/netto erhalten Sie 15% Rabatt!<br \/>\nAb einem Einkaufswert von 5.000,00 \u20ac\/netto erhalten Sie 20% Rabatt!<\/p>\n<p>Sie k\u00f6nnen auch im Laufe eines Bestelljahres (12 Monate ab Erstbestellung)<br \/>\nIhre Ums\u00e4tze sammeln, um sich Ihre Rabatte zu sichern.<\/p>\n<p><strong>Sofort nach erreichen des Rabattumsatzes rutschen Sie bei der aktuellen<\/strong><br \/>\n<strong> Bestellung in die n\u00e4chste Rabattstaffel.<\/strong><\/p>\n<p>Profitieren Sie von unserem Bonusprogramm und sichern Sie sich Ihre Rabatte<br \/>\nauch f\u00fcr Folgebestellungen innerhalb der n\u00e4chsten 12 Monate ab Erstkaufdatum.<br \/>\nDie Nachl\u00e4sse sind auch g\u00fcltig f\u00fcr Drucke und Bestickungen!<\/p>\n<p>Jetzt bestellen? Kein Problem! senden Sie uns eine mail an <a href=\"mailto:info@busitex.de\">info@busitex.de<\/a><br \/>\nund unser Online-Berater geht mit Ihnen online die Bestellung durch.<\/p>\n","protected":false},"excerpt":{"rendered":"<p>20% auf die Vorjahrespreise!! Das ist unschlagbar! Jetzt die Preisrabatte des \u201ealten Kataloges 2015\u201c nutzen!! Wie jedes Jahr geben wir [&hellip;]<\/p>\n","protected":false},"author":1,"featured_media":0,"parent":0,"menu_order":0,"comment_status":"closed","ping_status":"closed","template":"","meta":{"footnotes":""},"_links":{"self":[{"href":"https:\/\/busitex.de\/index.php?rest_route=\/wp\/v2\/pages\/6788"}],"collection":[{"href":"https:\/\/busitex.de\/index.php?rest_route=\/wp\/v2\/pages"}],"about":[{"href":"https:\/\/busitex.de\/index.php?rest_route=\/wp\/v2\/types\/page"}],"author":[{"embeddable":true,"href":"https:\/\/busitex.de\/index.php?rest_route=\/wp\/v2\/users\/1"}],"replies":[{"embeddable":true,"href":"https:\/\/busitex.de\/index.php?rest_route=%2Fwp%2Fv2%2Fcomments&post=6788"}],"version-history":[{"count":25,"href":"https:\/\/busitex.de\/index.php?rest_route=\/wp\/v2\/pages\/6788\/revisions"}],"predecessor-version":[{"id":7767,"href":"https:\/\/busitex.de\/index.php?rest_route=\/wp\/v2\/pages\/6788\/revisions\/7767"}],"wp:attachment":[{"href":"https:\/\/busitex.de\/index.php?rest_route=%2Fwp%2Fv2%2Fmedia&parent=6788"}],"curies":[{"name":"wp","href":"https:\/\/api.w.org\/{rel}","templated":true}]}}