{"id":7662,"date":"2016-09-15T08:46:34","date_gmt":"2016-09-15T06:46:34","guid":{"rendered":"http:\/\/busitex.de\/?page_id=7662"},"modified":"2022-01-27T13:25:38","modified_gmt":"2022-01-27T12:25:38","slug":"shopy24-de","status":"publish","type":"page","link":"https:\/\/busitex.de\/?page_id=7662","title":{"rendered":"Alle Preise bei shopy24.de"},"content":{"rendered":"<div>\n<p><strong>Unglaublich \u2013 aber wahr!<br \/>\n<a title=\"Alle Divisionen geb\u00fcndelt auf einem Blick.\" href=\"http:\/\/www.shopy24.de\" target=\"_blank\" rel=\"noopener noreferrer\">Shopy24.de<\/a><br \/>\n<\/strong>Interessenten, Kunden, Partner- und Divisionsagenturen\u00a0informiert shopy24<br \/>\nschnell und einfach \u00fcber professionelle Werbeleistungen.<strong><br \/>\n<\/strong>Qu\u00e4lende Fragen plagen Sie! Wo bekomm ich dies her, was kostet jenes?<br \/>\nBis Sie manchmal eine Antwort bekommen kann es dauern.<br \/>\n<strong>Nicht bei shopy24! Da bekommen Sie sofort Ergebnisse!<br \/>\n<\/strong>Sie verplempern beim Suchen wertvolle Zeit Ihres Lebens, wie sch\u00f6n w\u00e4re es,<br \/>\nwenn\u00a0es endlich mal einen \u00dcberblick online geben w\u00fcrde,<br \/>\nwas so Werbeleistungen eigentlich kosten!<br \/>\n<strong>shopy24.de bietet \u00dcberblick und verschafft den Durchblick!<\/strong><\/p>\n<p><strong>Wer steckt hinter\u00a0<a title=\"Eine Online-\u00dcbersicht aller Divisionen.\" href=\"http:\/\/www.shopy24.de\" target=\"_blank\" rel=\"noopener noreferrer\">shopy24.de<\/a>?<br \/>\n<\/strong>Seit \u00fcber 40 Jahren, mit Erfahrung im WerbeFullService, hat die<br \/>\n<a href=\"http:\/\/www.idee-produktion.de\" target=\"_blank\" rel=\"noopener noreferrer\">IP<\/a>-Unternehmensgruppe\u00a0\u00a0alle werbetechnischen Produktionsbereiche<br \/>\nin Abteilungen, sogenannten Divisionen aufgeteilt, die bundesweit vertreten sind<br \/>\nund zus\u00e4tzlich unter dem\u00a0<a title=\"Eine Online-\u00dcbersicht aller Divisionen.\" href=\"http:\/\/www.shopy24.de\" target=\"_blank\" rel=\"noopener noreferrer\"><strong>Online-Shop Shopy24.de<\/strong><\/a>\u00a0geb\u00fcndelt bereit stehen.<\/p>\n<\/div>\n<div>\n<p><strong>Die Divisionen sind online und auch real in Ihrer N\u00e4he:<\/strong><br \/>\n<strong>Sie suchen komplette, creativ- und technische Werbeleistungen<br \/>\naus einer Hand?<br \/>\n<\/strong>Dann sind Sie hier genau richtig!<br \/>\nAls FullService-Anbieter k\u00f6nnen unsere Divisionagenturen\u00a0nahezu alle<br \/>\nFachbereiche abdecken und mit eigener Produktion erstaunlich schnell und<br \/>\nkostenbewusst realisieren.<br \/>\nBei den Divisionen erwarten Sie:<br \/>\n\u2013 interessante Konzepte<br \/>\n\u2013 qualifizierte Fachberatung<br \/>\n\u2013 Topp-Gestaltung \/ Design und neue Verkaufsideen<br \/>\n\u2013 technische L\u00f6sungen, rund\u00a0um die Themen:<br \/>\n<strong>Professionell beraten \u2013 perfekt designen \u2013 creativ pr\u00e4sentieren \u2013<br \/>\nindividuell werben \u2013 visuell verpacken \u2013 technisch produzieren \u2013<br \/>\nfachgerecht montieren, individuell programmieren \u2013 erfolgreich vermarkten!<\/strong><br \/>\nAlle Produkte und Dienstleistungen sind bei den Divisionen genau beschrieben<br \/>\nund werden modular an Ihre W\u00fcnsche angepasst.<br \/>\nAlle\u00a0online-Basispreise sind sehr knapp f\u00fcr den Direkt- und Wiederverkauf<br \/>\nkalkuliert, incl. aller ben\u00f6tigten Leistungen \u2013 keine versteckten Kosten!<\/p>\n<p><strong>Der Einkauf ist einfach.<br \/>\n<\/strong>Sie stellen sich Ihr individuelles Werbepaket f\u00fcr sich oder Ihren Kunden<br \/>\nselber zusammen und buchen es direkt, schon bekommen Sie von der Division<br \/>\ndie gew\u00fcnschte Leistung.<\/p>\n<p>Es gibt nat\u00fcrlich auch Sonderl\u00f6sungen, die wir Ihnen individuell anbieten k\u00f6nnen.<br \/>\nSolche Jobs, Aufgaben, Projekte werden von der Division erarbeitet.<br \/>\nAuch daf\u00fcr haben wir Dienstleistungpakete in der Rubrik<br \/>\n\u201c<strong>Projektierung<\/strong>\u201d im Angebot.<\/p>\n<p><strong>Online-Beratung? Wie geht das? Ganz einfach!:<\/strong><br \/>\nBundesweit beraten in den allen Divisionen qualifizierte Profis,<br \/>\nauch bei Ihnen vor Ort!<\/p>\n<p><strong>Sie planen eine komplexe Werbema\u00dfnahme und m\u00f6chten<br \/>\neine Intensiv-Beratung oder einen VorOrtTermin mit<br \/>\nganzheitlichen FullService?<\/strong><br \/>\nGenau darauf sind unsere Profis spezialisiert! Fragen Sie an!<\/p>\n<p>24\/7 \u2013 Hotline \u00a00511\/9200 000, oder per mail\u00a0<strong><a title=\"Der direkte Kontakt zu shopy24.de.\" href=\"mailto:info@shopy24.de\" target=\"_blank\" rel=\"noopener noreferrer\">info@shopy24.de<\/a><\/strong>.<\/p>\n<\/div>\n","protected":false},"excerpt":{"rendered":"<p>Unglaublich \u2013 aber wahr! Shopy24.de Interessenten, Kunden, Partner- und Divisionsagenturen\u00a0informiert shopy24 schnell und einfach \u00fcber professionelle Werbeleistungen. Qu\u00e4lende Fragen plagen [&hellip;]<\/p>\n","protected":false},"author":1,"featured_media":0,"parent":0,"menu_order":0,"comment_status":"closed","ping_status":"closed","template":"","meta":{"footnotes":""},"_links":{"self":[{"href":"https:\/\/busitex.de\/index.php?rest_route=\/wp\/v2\/pages\/7662"}],"collection":[{"href":"https:\/\/busitex.de\/index.php?rest_route=\/wp\/v2\/pages"}],"about":[{"href":"https:\/\/busitex.de\/index.php?rest_route=\/wp\/v2\/types\/page"}],"author":[{"embeddable":true,"href":"https:\/\/busitex.de\/index.php?rest_route=\/wp\/v2\/users\/1"}],"replies":[{"embeddable":true,"href":"https:\/\/busitex.de\/index.php?rest_route=%2Fwp%2Fv2%2Fcomments&post=7662"}],"version-history":[{"count":4,"href":"https:\/\/busitex.de\/index.php?rest_route=\/wp\/v2\/pages\/7662\/revisions"}],"predecessor-version":[{"id":7924,"href":"https:\/\/busitex.de\/index.php?rest_route=\/wp\/v2\/pages\/7662\/revisions\/7924"}],"wp:attachment":[{"href":"https:\/\/busitex.de\/index.php?rest_route=%2Fwp%2Fv2%2Fmedia&parent=7662"}],"curies":[{"name":"wp","href":"https:\/\/api.w.org\/{rel}","templated":true}]}}