{"id":7787,"date":"2017-08-11T08:37:24","date_gmt":"2017-08-11T06:37:24","guid":{"rendered":"http:\/\/busitex.de\/?page_id=7787"},"modified":"2019-10-23T10:40:03","modified_gmt":"2019-10-23T08:40:03","slug":"hilfefaq","status":"publish","type":"page","link":"https:\/\/busitex.de\/?page_id=7787","title":{"rendered":"Hilfe&#038;\/FAQ"},"content":{"rendered":"<h3>Was ist Busitex?<\/h3>\n<ul>\n<li>Busitex verkauft Business Textilien, wie z.B. Overalls, Schutzkleidung etc. und bedruckt diese mit Ihrem Firmenlogo und von Ihnen gew\u00e4hlten Text.<\/li>\n<\/ul>\n<p>____________________________________________________________________________________________<\/p>\n<h3>Wie kommt mein Logo auf die Kleidung?<\/h3>\n<ul>\n<li>Es wird eine druckbereite Datei ben\u00f6tigt, die Ihr Logo beinhaltet. Bei der Erstellung einer druckbereiten Datei werden wir Ihnen gerne behilflich sein.<\/li>\n<li>Au\u00dferdem beraten wir Sie, welches Layout von Logo und Text am besten auf Ihre Kleidung passt.<\/li>\n<li>Legen Sie die Druckdaten als PDF in <strong>CMYK<\/strong> im Format <strong>1:10<\/strong> an, nicht in RGB.<br \/>\nVerwenden Sie PDF\/X-1a oder X-3 (PDF 1.3).<br \/>\nVergessen Sie nicht Ihre <strong>Schriften in Pfade<\/strong> umzuwandeln,<br \/>\ndamit es beim Druck keine Verf\u00e4lschungen gibt.<\/li>\n<li>Senden Sie uns Ihre fertigen Druckdaten an info@busitex.de.<\/li>\n<\/ul>\n<p>____________________________________________________________________________________________<\/p>\n<h3>Welche Kleidung l\u00e4sst sich bedrucken?<\/h3>\n<ul>\n<li>Grunds\u00e4tzlich lassen sich alle Kleidungsst\u00fccke bedrucken. Es mag zwar ein paar weniger Au\u00dfnahmen geben, aber auch da gibt es einen Weg, Ihr Logo auf Ihre Kleidung zu bekommen.<\/li>\n<\/ul>\n<p>____________________________________________________________________________________________<\/p>\n","protected":false},"excerpt":{"rendered":"<p>Was ist Busitex? Busitex verkauft Business Textilien, wie z.B. Overalls, Schutzkleidung etc. und bedruckt diese mit Ihrem Firmenlogo und von [&hellip;]<\/p>\n","protected":false},"author":1,"featured_media":0,"parent":0,"menu_order":0,"comment_status":"closed","ping_status":"closed","template":"page-fullwidth.php","meta":{"footnotes":""},"_links":{"self":[{"href":"https:\/\/busitex.de\/index.php?rest_route=\/wp\/v2\/pages\/7787"}],"collection":[{"href":"https:\/\/busitex.de\/index.php?rest_route=\/wp\/v2\/pages"}],"about":[{"href":"https:\/\/busitex.de\/index.php?rest_route=\/wp\/v2\/types\/page"}],"author":[{"embeddable":true,"href":"https:\/\/busitex.de\/index.php?rest_route=\/wp\/v2\/users\/1"}],"replies":[{"embeddable":true,"href":"https:\/\/busitex.de\/index.php?rest_route=%2Fwp%2Fv2%2Fcomments&post=7787"}],"version-history":[{"count":4,"href":"https:\/\/busitex.de\/index.php?rest_route=\/wp\/v2\/pages\/7787\/revisions"}],"predecessor-version":[{"id":7843,"href":"https:\/\/busitex.de\/index.php?rest_route=\/wp\/v2\/pages\/7787\/revisions\/7843"}],"wp:attachment":[{"href":"https:\/\/busitex.de\/index.php?rest_route=%2Fwp%2Fv2%2Fmedia&parent=7787"}],"curies":[{"name":"wp","href":"https:\/\/api.w.org\/{rel}","templated":true}]}}