{"id":7186,"date":"2016-03-07T11:46:52","date_gmt":"2016-03-07T10:46:52","guid":{"rendered":"http:\/\/busitex.de\/?post_type=product&#038;p=7186"},"modified":"2022-02-23T17:07:16","modified_gmt":"2022-02-23T16:07:16","slug":"t-shirt","status":"publish","type":"product","link":"https:\/\/busitex.de\/?product=t-shirt","title":{"rendered":"Q2 T-Shirt Herren Original T"},"content":{"rendered":"","protected":false},"excerpt":{"rendered":"<p><strong>Beschreibung:<\/strong><\/p>\n<p>&#8211; Rundhalsausschnitt gerippt mit gleichfarbigem Nackenband<br \/>\n&#8211; Doppelnaht an Halsausschnitt, \u00c4rmeln und Bund<br \/>\n&#8211; Wahlweise Feminine Passform mit Seitenn\u00e4hten<br \/>\n&#8211; Belcoro Garn f\u00fcr einen sauberen, stabilen Druckbereich<br \/>\n&#8211; H\u00f6here Maschendichte f\u00fcr bessere Bedruckbarkeit<\/p>\n<p>Erh\u00e4ltlich in den Gr\u00f6\u00dfen: S, M, L, XL, XXL<br \/>\nDas Model tr\u00e4gt die Farbe: Yellow<\/p>\n<p><strong>W\u00e4hlen Sie:<\/strong><br \/>\nSchwarzes Auswahlfeld anklicken,<br \/>\n<span style=\"line-height: 1.5;\">Auswahl nach und nach in den Warenkorb packen.<\/span><\/p>\n<p><span style=\"font-size: small;\"><strong>Beachten Sie:<\/strong><br \/>\n<strong>Geben Sie die Farbe des Produktes zu Ihrer Bestellung hinzu. Dazu finden Sie ein Feld &#8222;Bestellhinweis&#8220; in der Kasse.<\/strong><\/span><\/p>\n","protected":false},"featured_media":7861,"comment_status":"closed","ping_status":"closed","template":"","meta":[],"product_cat":[1159],"product_tag":[],"_links":{"self":[{"href":"https:\/\/busitex.de\/index.php?rest_route=\/wp\/v2\/product\/7186"}],"collection":[{"href":"https:\/\/busitex.de\/index.php?rest_route=\/wp\/v2\/product"}],"about":[{"href":"https:\/\/busitex.de\/index.php?rest_route=\/wp\/v2\/types\/product"}],"replies":[{"embeddable":true,"href":"https:\/\/busitex.de\/index.php?rest_route=%2Fwp%2Fv2%2Fcomments&post=7186"}],"wp:featuredmedia":[{"embeddable":true,"href":"https:\/\/busitex.de\/index.php?rest_route=\/wp\/v2\/media\/7861"}],"wp:attachment":[{"href":"https:\/\/busitex.de\/index.php?rest_route=%2Fwp%2Fv2%2Fmedia&parent=7186"}],"wp:term":[{"taxonomy":"product_cat","embeddable":true,"href":"https:\/\/busitex.de\/index.php?rest_route=%2Fwp%2Fv2%2Fproduct_cat&post=7186"},{"taxonomy":"product_tag","embeddable":true,"href":"https:\/\/busitex.de\/index.php?rest_route=%2Fwp%2Fv2%2Fproduct_tag&post=7186"}],"curies":[{"name":"wp","href":"https:\/\/api.w.org\/{rel}","templated":true}]}}