{"id":7280,"date":"2016-03-08T08:28:41","date_gmt":"2016-03-08T07:28:41","guid":{"rendered":"http:\/\/busitex.de\/?product=t-shirt-damen-original-t-kopieren"},"modified":"2022-02-23T17:24:46","modified_gmt":"2022-02-23T16:24:46","slug":"t-shirt-damen-original-t-kopieren","status":"publish","type":"product","link":"https:\/\/busitex.de\/?product=t-shirt-damen-original-t-kopieren","title":{"rendered":"Q1 T-Shirt Damen Original T"},"content":{"rendered":"","protected":false},"excerpt":{"rendered":"<p><strong>Beschreibung:<\/strong><\/p>\n<p>&#8211; Rundhalsausschnitt gerippt mit gleichfarbigem Nackenband<br \/>\n&#8211; Doppelnaht an Halsausschnitt, \u00c4rmeln und Bund<br \/>\n&#8211; Wahlweise Feminine Passform mit Seitenn\u00e4hten<br \/>\n&#8211; Belcoro Garn f\u00fcr einen sauberen, stabilen Druckbereich<br \/>\n&#8211; H\u00f6here Maschendichte f\u00fcr bessere Bedruckbarkeit<\/p>\n<p>Erh\u00e4ltlich in den Gr\u00f6\u00dfen XS, S, M, L, XL, XXL<br \/>\nDas Model tr\u00e4gt die Farbe:\u00a0Azure Blue<\/p>\n<p><strong>W\u00e4hlen Sie:<br \/>\n<\/strong>Graues\u00a0Auswahlfeld anklicken,<br \/>\nAuswahl in den Warenkorb packen.<\/p>\n<p><span style=\"font-size: small;\"><strong>Beachten Sie:<\/strong><br \/>\n<strong>Geben Sie die Farbe des Produktes zu Ihrer Bestellung hinzu. Dazu finden Sie ein Feld &#8222;Bestellhinweis&#8220; in der Kasse.<\/strong><\/span><\/p>\n","protected":false},"featured_media":7848,"comment_status":"closed","ping_status":"closed","template":"","meta":[],"product_cat":[1159],"product_tag":[],"_links":{"self":[{"href":"https:\/\/busitex.de\/index.php?rest_route=\/wp\/v2\/product\/7280"}],"collection":[{"href":"https:\/\/busitex.de\/index.php?rest_route=\/wp\/v2\/product"}],"about":[{"href":"https:\/\/busitex.de\/index.php?rest_route=\/wp\/v2\/types\/product"}],"replies":[{"embeddable":true,"href":"https:\/\/busitex.de\/index.php?rest_route=%2Fwp%2Fv2%2Fcomments&post=7280"}],"wp:featuredmedia":[{"embeddable":true,"href":"https:\/\/busitex.de\/index.php?rest_route=\/wp\/v2\/media\/7848"}],"wp:attachment":[{"href":"https:\/\/busitex.de\/index.php?rest_route=%2Fwp%2Fv2%2Fmedia&parent=7280"}],"wp:term":[{"taxonomy":"product_cat","embeddable":true,"href":"https:\/\/busitex.de\/index.php?rest_route=%2Fwp%2Fv2%2Fproduct_cat&post=7280"},{"taxonomy":"product_tag","embeddable":true,"href":"https:\/\/busitex.de\/index.php?rest_route=%2Fwp%2Fv2%2Fproduct_tag&post=7280"}],"curies":[{"name":"wp","href":"https:\/\/api.w.org\/{rel}","templated":true}]}}