{"id":7287,"date":"2016-03-08T09:48:28","date_gmt":"2016-03-08T08:48:28","guid":{"rendered":"http:\/\/busitex.de\/?post_type=product&#038;p=7287"},"modified":"2022-02-24T09:12:47","modified_gmt":"2022-02-24T08:12:47","slug":"polo-shirt-regular-man","status":"publish","type":"product","link":"https:\/\/busitex.de\/?product=polo-shirt-regular-man","title":{"rendered":"Q4 Polo-Shirt Regular Man"},"content":{"rendered":"","protected":false},"excerpt":{"rendered":"<p><strong>Beschreibung:<\/strong><\/p>\n<p>&#8211; Kurze \u00c4rmel mit B\u00fcndchen<br \/>\n&#8211; Enzym behandelte Baumwolle<br \/>\n&#8211; Besonders weicher Griff<br \/>\n&#8211; Knopfleiste mit zwei Kn\u00f6pfen<br \/>\n&#8211; Verst\u00e4rkte Seitenschlitze<\/p>\n<p>Erh\u00e4ltlich in den Gr\u00f6\u00dfen:\u00a0XS, S, M, L, XL, XXL, 3XL<br \/>\nDas Model tr\u00e4gt die Farbe: Burgundy<\/p>\n<p><strong>W\u00e4hlen Sie:<\/strong><br \/>\nSchwarzes Auswahlfeld anklicken,<br \/>\nAuswahl nach und nach in den Warenkorb packen.<\/p>\n<p><span style=\"font-size: small;\"><strong>Beachten Sie:<\/strong><br \/>\n<strong>Geben Sie die Farbe des Produktes zu Ihrer Bestellung hinzu. Dazu finden Sie ein Feld &#8222;Bestellhinweis&#8220; in der Kasse.<\/strong><\/span><\/p>\n","protected":false},"featured_media":7862,"comment_status":"closed","ping_status":"closed","template":"","meta":[],"product_cat":[1159],"product_tag":[],"_links":{"self":[{"href":"https:\/\/busitex.de\/index.php?rest_route=\/wp\/v2\/product\/7287"}],"collection":[{"href":"https:\/\/busitex.de\/index.php?rest_route=\/wp\/v2\/product"}],"about":[{"href":"https:\/\/busitex.de\/index.php?rest_route=\/wp\/v2\/types\/product"}],"replies":[{"embeddable":true,"href":"https:\/\/busitex.de\/index.php?rest_route=%2Fwp%2Fv2%2Fcomments&post=7287"}],"wp:featuredmedia":[{"embeddable":true,"href":"https:\/\/busitex.de\/index.php?rest_route=\/wp\/v2\/media\/7862"}],"wp:attachment":[{"href":"https:\/\/busitex.de\/index.php?rest_route=%2Fwp%2Fv2%2Fmedia&parent=7287"}],"wp:term":[{"taxonomy":"product_cat","embeddable":true,"href":"https:\/\/busitex.de\/index.php?rest_route=%2Fwp%2Fv2%2Fproduct_cat&post=7287"},{"taxonomy":"product_tag","embeddable":true,"href":"https:\/\/busitex.de\/index.php?rest_route=%2Fwp%2Fv2%2Fproduct_tag&post=7287"}],"curies":[{"name":"wp","href":"https:\/\/api.w.org\/{rel}","templated":true}]}}