{"id":7299,"date":"2016-03-08T13:00:29","date_gmt":"2016-03-08T12:00:29","guid":{"rendered":"http:\/\/busitex.de\/?post_type=product&#038;p=7299"},"modified":"2022-02-24T10:03:40","modified_gmt":"2022-02-24T09:03:40","slug":"p9-3-multi-pocket-work-trousers","status":"publish","type":"product","link":"https:\/\/busitex.de\/?product=p9-3-multi-pocket-work-trousers","title":{"rendered":"S2 Multi-Pocket Work Trousers"},"content":{"rendered":"","protected":false},"excerpt":{"rendered":"<p><strong>Beschreibung:<\/strong><\/p>\n<p>&#8211; Polyester-\/Baumwollgewebe<br \/>\n&#8211; Dauerhaft wasserabweisende Ausstattung<br \/>\n&#8211; Kniespolstertaschen<br \/>\n&#8211; G\u00fcrtelschlaufen<br \/>\n&#8211; Mehrere Rei\u00dfverschluss-Taschen an der Vorderseite<br \/>\n&#8211; Zwei Rei\u00dfverschluss-Taschen an der R\u00fcckseite<\/p>\n<p>Erh\u00e4ltlich in den Gr\u00f6\u00dfen:\u00a0XS, S, M, L, XL, XXL, 3XL<br \/>\nDas Model tr\u00e4gt die Farbe:\u00a0Black<\/p>\n<div>\n<p><strong>W\u00e4hlen Sie:<\/strong><br \/>\nSchwarzes Auswahlfeld anklicken,<br \/>\nAuswahl nach und nach in den Warenkorb packen.<\/p>\n<p><span style=\"font-size: small;\"><strong>Beachten Sie:<\/strong><br \/>\n<strong>Geben Sie die Farbe des Produktes zu Ihrer Bestellung hinzu. Dazu finden Sie ein Feld &#8222;Bestellhinweis&#8220; in der Kasse.<\/strong><\/span><\/p>\n<div><\/div>\n<\/div>\n","protected":false},"featured_media":7854,"comment_status":"closed","ping_status":"closed","template":"","meta":[],"product_cat":[1159],"product_tag":[],"_links":{"self":[{"href":"https:\/\/busitex.de\/index.php?rest_route=\/wp\/v2\/product\/7299"}],"collection":[{"href":"https:\/\/busitex.de\/index.php?rest_route=\/wp\/v2\/product"}],"about":[{"href":"https:\/\/busitex.de\/index.php?rest_route=\/wp\/v2\/types\/product"}],"replies":[{"embeddable":true,"href":"https:\/\/busitex.de\/index.php?rest_route=%2Fwp%2Fv2%2Fcomments&post=7299"}],"wp:featuredmedia":[{"embeddable":true,"href":"https:\/\/busitex.de\/index.php?rest_route=\/wp\/v2\/media\/7854"}],"wp:attachment":[{"href":"https:\/\/busitex.de\/index.php?rest_route=%2Fwp%2Fv2%2Fmedia&parent=7299"}],"wp:term":[{"taxonomy":"product_cat","embeddable":true,"href":"https:\/\/busitex.de\/index.php?rest_route=%2Fwp%2Fv2%2Fproduct_cat&post=7299"},{"taxonomy":"product_tag","embeddable":true,"href":"https:\/\/busitex.de\/index.php?rest_route=%2Fwp%2Fv2%2Fproduct_tag&post=7299"}],"curies":[{"name":"wp","href":"https:\/\/api.w.org\/{rel}","templated":true}]}}