{"id":7365,"date":"2016-03-09T07:41:02","date_gmt":"2016-03-09T06:41:02","guid":{"rendered":"http:\/\/busitex.de\/?post_type=product&#038;p=7365"},"modified":"2022-02-24T10:04:46","modified_gmt":"2022-02-24T09:04:46","slug":"r1-sweat-shirt-damen-lightweight","status":"publish","type":"product","link":"https:\/\/busitex.de\/?product=r1-sweat-shirt-damen-lightweight","title":{"rendered":"R1 Sweat-Shirt Damen Lightweight"},"content":{"rendered":"","protected":false},"excerpt":{"rendered":"<p><strong>Beschreibung:<\/strong><\/p>\n<p>&#8211; Lightweight Sweat-Material, unbrushed<br \/>\n&#8211; Raglan-\u00c4rmel<br \/>\n&#8211; Hals- und Armausschnitt, sowie B\u00fcndchen aus Baumwolle<br \/>\n&#8211; Femininer Schnitt durch taillierte Seitenn\u00e4hte<\/p>\n<p>Erh\u00e4ltlich in den Gr\u00f6\u00dfen:\u00a0XS, S, M, L, XL, XXL<br \/>\nDas Model tr\u00e4gt die Farbe:\u00a0Red<\/p>\n<p><strong>W\u00e4hlen Sie:<\/strong><br \/>\nSchwarzes Auswahlfeld anklicken,<br \/>\nAuswahl nach und nach in den Warenkorb packen.<\/p>\n<p><FONT SIZE=\"2\"><strong>Beachten Sie:<\/strong><br \/>\n<strong>Geben Sie die Farbe des Produktes zu Ihrer Bestellung hinzu. Dazu finden Sie ein Feld &#8222;Bestellhinweis&#8220; in der Kasse.<\/strong><\/FONT><\/p>\n","protected":false},"featured_media":7366,"comment_status":"closed","ping_status":"closed","template":"","meta":[],"product_cat":[1159],"product_tag":[],"_links":{"self":[{"href":"https:\/\/busitex.de\/index.php?rest_route=\/wp\/v2\/product\/7365"}],"collection":[{"href":"https:\/\/busitex.de\/index.php?rest_route=\/wp\/v2\/product"}],"about":[{"href":"https:\/\/busitex.de\/index.php?rest_route=\/wp\/v2\/types\/product"}],"replies":[{"embeddable":true,"href":"https:\/\/busitex.de\/index.php?rest_route=%2Fwp%2Fv2%2Fcomments&post=7365"}],"wp:featuredmedia":[{"embeddable":true,"href":"https:\/\/busitex.de\/index.php?rest_route=\/wp\/v2\/media\/7366"}],"wp:attachment":[{"href":"https:\/\/busitex.de\/index.php?rest_route=%2Fwp%2Fv2%2Fmedia&parent=7365"}],"wp:term":[{"taxonomy":"product_cat","embeddable":true,"href":"https:\/\/busitex.de\/index.php?rest_route=%2Fwp%2Fv2%2Fproduct_cat&post=7365"},{"taxonomy":"product_tag","embeddable":true,"href":"https:\/\/busitex.de\/index.php?rest_route=%2Fwp%2Fv2%2Fproduct_tag&post=7365"}],"curies":[{"name":"wp","href":"https:\/\/api.w.org\/{rel}","templated":true}]}}