{"id":7381,"date":"2016-03-09T08:00:09","date_gmt":"2016-03-09T07:00:09","guid":{"rendered":"http:\/\/busitex.de\/?post_type=product&#038;p=7381"},"modified":"2022-02-23T17:23:36","modified_gmt":"2022-02-23T16:23:36","slug":"r2-sweat-shirt-herren-lightweight","status":"publish","type":"product","link":"https:\/\/busitex.de\/?product=r2-sweat-shirt-herren-lightweight","title":{"rendered":"R2 Sweat-Shirt Herren Lightweight"},"content":{"rendered":"","protected":false},"excerpt":{"rendered":"<p><strong>Beschreibung:<\/strong><\/p>\n<p>&#8211; Lightweight Sweat-Material, unbrushed<br \/>\n&#8211; Raglan-\u00c4rmel<br \/>\n&#8211; Hals- und Armausschnitt, sowie B\u00fcndchen aus Baumwolle\/Lycra\u00ae Ripp<br \/>\n&#8211; Belcoro\u00ae Garn<\/p>\n<p>Erh\u00e4ltlich in den Gr\u00f6\u00dfen S, M, L, XL, XXL<br \/>\nDas Model tr\u00e4gt die Farbe:\u00a0Azure Blue<\/p>\n<p><strong>W\u00e4hlen Sie:<\/strong><br \/>\nSchwarzes Auswahlfeld anklicken,<br \/>\nAuswahl nach und nach in den Warenkorb packen.<\/p>\n<p><FONT SIZE=\"2\"><strong>Beachten Sie:<\/strong><br \/>\n<strong>Geben Sie die Farbe des Produktes zu Ihrer Bestellung hinzu. Dazu finden Sie ein Feld &#8222;Bestellhinweis&#8220; in der Kasse.<\/strong><\/FONT><\/p>\n","protected":false},"featured_media":7382,"comment_status":"closed","ping_status":"closed","template":"","meta":[],"product_cat":[1159],"product_tag":[],"_links":{"self":[{"href":"https:\/\/busitex.de\/index.php?rest_route=\/wp\/v2\/product\/7381"}],"collection":[{"href":"https:\/\/busitex.de\/index.php?rest_route=\/wp\/v2\/product"}],"about":[{"href":"https:\/\/busitex.de\/index.php?rest_route=\/wp\/v2\/types\/product"}],"replies":[{"embeddable":true,"href":"https:\/\/busitex.de\/index.php?rest_route=%2Fwp%2Fv2%2Fcomments&post=7381"}],"wp:featuredmedia":[{"embeddable":true,"href":"https:\/\/busitex.de\/index.php?rest_route=\/wp\/v2\/media\/7382"}],"wp:attachment":[{"href":"https:\/\/busitex.de\/index.php?rest_route=%2Fwp%2Fv2%2Fmedia&parent=7381"}],"wp:term":[{"taxonomy":"product_cat","embeddable":true,"href":"https:\/\/busitex.de\/index.php?rest_route=%2Fwp%2Fv2%2Fproduct_cat&post=7381"},{"taxonomy":"product_tag","embeddable":true,"href":"https:\/\/busitex.de\/index.php?rest_route=%2Fwp%2Fv2%2Fproduct_tag&post=7381"}],"curies":[{"name":"wp","href":"https:\/\/api.w.org\/{rel}","templated":true}]}}