{"id":7383,"date":"2016-03-09T09:16:12","date_gmt":"2016-03-09T08:16:12","guid":{"rendered":"http:\/\/busitex.de\/?post_type=product&#038;p=7383"},"modified":"2022-02-24T10:05:08","modified_gmt":"2022-02-24T09:05:08","slug":"s4-muetze-thinsulate","status":"publish","type":"product","link":"https:\/\/busitex.de\/?product=s4-muetze-thinsulate","title":{"rendered":"S4 M\u00fctze Thinsulate"},"content":{"rendered":"","protected":false},"excerpt":{"rendered":"<p><strong>Beschreibung:<\/strong><\/p>\n<p>&#8211; Mit 3M-Thinsulate-Innenfutter<br \/>\n&#8211; M\u00fctze aus Acryl-Strick-Gewebe<br \/>\n&#8211; Thinsulate-Logo an Kopfr\u00fcckseite<\/p>\n<p>Erh\u00e4ltlich in der Gr\u00f6\u00dfe: one Size<br \/>\nDas Model tr\u00e4gt die Farbe:\u00a0Moss Green<\/p>\n<div>\n<p><strong>W\u00e4hlen Sie:<\/strong><br \/>\nSchwarzes Auswahlfeld anklicken,<br \/>\nAuswahl nach und nach in den Warenkorb packen.<\/p>\n<p><span style=\"font-size: small;\"><strong>Beachten Sie:<\/strong><br \/>\n<strong>Geben Sie die Farbe des Produktes zu Ihrer Bestellung hinzu. Dazu finden Sie ein Feld &#8222;Bestellhinweis&#8220; in der Kasse.<\/strong><\/span><\/p>\n<\/div>\n","protected":false},"featured_media":7858,"comment_status":"closed","ping_status":"closed","template":"","meta":[],"product_cat":[1159],"product_tag":[],"_links":{"self":[{"href":"https:\/\/busitex.de\/index.php?rest_route=\/wp\/v2\/product\/7383"}],"collection":[{"href":"https:\/\/busitex.de\/index.php?rest_route=\/wp\/v2\/product"}],"about":[{"href":"https:\/\/busitex.de\/index.php?rest_route=\/wp\/v2\/types\/product"}],"replies":[{"embeddable":true,"href":"https:\/\/busitex.de\/index.php?rest_route=%2Fwp%2Fv2%2Fcomments&post=7383"}],"wp:featuredmedia":[{"embeddable":true,"href":"https:\/\/busitex.de\/index.php?rest_route=\/wp\/v2\/media\/7858"}],"wp:attachment":[{"href":"https:\/\/busitex.de\/index.php?rest_route=%2Fwp%2Fv2%2Fmedia&parent=7383"}],"wp:term":[{"taxonomy":"product_cat","embeddable":true,"href":"https:\/\/busitex.de\/index.php?rest_route=%2Fwp%2Fv2%2Fproduct_cat&post=7383"},{"taxonomy":"product_tag","embeddable":true,"href":"https:\/\/busitex.de\/index.php?rest_route=%2Fwp%2Fv2%2Fproduct_tag&post=7383"}],"curies":[{"name":"wp","href":"https:\/\/api.w.org\/{rel}","templated":true}]}}